{"id":21,"date":"2023-09-22T09:00:27","date_gmt":"2023-09-22T09:00:27","guid":{"rendered":"https:\/\/nbvnorr.se\/v5.1\/index.php\/mer-om-genvagen\/"},"modified":"2023-09-22T09:00:31","modified_gmt":"2023-09-22T09:00:31","slug":"mer-om-genvagen","status":"publish","type":"page","link":"https:\/\/nbvnorr.se\/v5.1\/mer-om-genvagen\/","title":{"rendered":"Mer om GenV\u00e4gen"},"content":{"rendered":"\n  \n    <section class=\"u-clearfix u-section-1\" id=\"sec-1a6b\">\n      <div class=\"u-clearfix u-sheet u-sheet-1\">\n        <div class=\"data-layout-selected u-clearfix u-expanded-width u-layout-wrap u-layout-wrap-1\">\n          <div class=\"u-layout\" style=\"\">\n            <div class=\"u-layout-row\" style=\"\">\n              <div class=\"u-size-30\" style=\"\">\n                <div class=\"u-layout-col\" style=\"\">\n                  <div class=\"u-container-style u-layout-cell u-size-30 u-layout-cell-1\">\n                    <div class=\"u-container-layout u-container-layout-1\">\n                      <h2 class=\"u-text u-text-default u-text-1\">GenV\u00e4gen<\/h2>\n                      <h3 class=\"u-text u-text-default u-text-2\"> Nyckelfunktioner och f\u00f6rdelar<\/h3>\n                    <\/div>\n                  <\/div>\n                  <div class=\"u-align-left u-container-style u-layout-cell u-size-30 u-layout-cell-2\">\n                    <div class=\"u-container-layout u-container-layout-2\">\n                      <ol class=\"u-text u-text-3\">\n                        <li>\n                          <span style=\"font-weight: 700;\">Virtuella klassrum direkt: <br>\n                          <\/span>\n                          <span style=\"font-weight: 700;\">- <\/span>Funktion: Snabb och effektiv installation f\u00f6r onlinesessioner. <br>\n                          <span style=\"font-weight: 700;\">- <\/span>F\u00f6rdel: G\u00f6r det m\u00f6jligt f\u00f6r cirkelledare att starta studiecirklar utan f\u00f6rseningar, vilket s\u00e4kerst\u00e4ller snabba och smidiga interaktioner.<br>\n                          <br>\n                        <\/li>\n                        <li>\n                          <span style=\"font-weight: 700;\">H\u00f6gkvalitativ video och ljud: <br>\n                          <\/span> - Funktion: Kristallklara video- och ljudstr\u00f6mmar. <br> - F\u00f6rdel: Garanterar effektiv kommunikation, vilket s\u00e4kerst\u00e4ller att varje deltagare blir sedd och h\u00f6rd med tydlighet. <br>\n                          <br>\n                        <\/li>\n                        <li>\n                          <span style=\"font-weight: 700;\">Interaktiv skrivtavla: <br>\n                          <\/span> - Funktion: Dynamiskt verktyg f\u00f6r illustrationer och visuella f\u00f6rklaringar. <br> - F\u00f6rdel: F\u00f6rb\u00e4ttrar presentationer och diskussioner, s\u00e5 att cirkelledare kan f\u00f6rmedla koncept visuellt och interaktivt. <br>\n                          <br>\n                        <\/li>\n                        <li>\n                          <span style=\"font-weight: 700;\">Sk\u00e4rmdelning: <br>\n                          <\/span> - Funktion: Dela sk\u00e4rmar f\u00f6r demonstrationer eller presentationer. <br> - F\u00f6rdel: Underl\u00e4ttar en djupare f\u00f6rst\u00e5else av \u00e4mnen genom att l\u00e5ta deltagarna se livedemonstrationer eller relevant inneh\u00e5ll. <br>\n                          <br>\n                        <\/li>\n                        <li>\n                          <span style=\"font-weight: 700;\">Breakout rum: <br>\n                          <\/span> - Funktion: Dela upp deltagarna i mindre grupper. <br> - F\u00f6rdel: Uppmuntrar fokuserade diskussioner om specifika \u00e4mnen, fr\u00e4mjar djupare f\u00f6rst\u00e5else och samarbete. <br>\n                          <br>\n                        <\/li>\n                        <li>\n                          <span style=\"font-weight: 700;\">Deltagarreaktioner: <br>\n                          <\/span> - Funktion: Uttrycksfulla emojis f\u00f6r deltagare. <br> - F\u00f6rdel: L\u00e4gger till ett lager av interaktivitet, s\u00e5 att deltagarna kan svara och engagera sig p\u00e5 ett mer personligt s\u00e4tt. <br>\n                          <br>\n                        <\/li>\n                        <li>\n                          <span style=\"font-weight: 700;\">Inspelningsm\u00f6jligheter: <br>\n                          <\/span> - Funktion: M\u00f6jlighet att spela in sessioner. <br> - F\u00f6rdel: Ger en referens f\u00f6r framtida recensioner, vilket s\u00e4kerst\u00e4ller att inga insikter missas och l\u00e5ter fr\u00e5nvarande deltagare komma ikapp. <br>\n                          <br>\n                        <\/li>\n                        <li>\n                          <span style=\"font-weight: 700;\"> Tillg\u00e4nglighet \u00f6ver plattformar: <br>\n                          <\/span> - Funktion: S\u00f6ml\u00f6s upplevelse p\u00e5 datorer, surfplattor och mobiler. <br> - F\u00f6rdel: Erbjuder flexibilitet och bekv\u00e4mlighet, vilket s\u00e4kerst\u00e4ller att deltagare kan g\u00e5 med fr\u00e5n vilken enhet som helst, var som helst.\n                        <\/li>\n                      <\/ol>\n                    <\/div>\n                  <\/div>\n                <\/div>\n              <\/div>\n              <div class=\"u-size-30\">\n                <div class=\"u-layout-col\">\n                  <div class=\"u-container-style u-layout-cell u-size-60 u-layout-cell-3\">\n                    <div class=\"u-container-layout u-container-layout-3\">\n                      <h3 class=\"u-text u-text-4\">Effektiviserad digital interaktion f\u00f6r studiecirklar<\/h3>\n                      <p class=\"u-align-justify u-text u-text-5\">Genv\u00e4gen st\u00e5r som ett bevis p\u00e5 kraften i str\u00f6mlinjeformad digital interaktion, speciellt anpassad f\u00f6r studiecirklarnas unika krav. Genv\u00e4gen inser att k\u00e4rnan i studiecirklar ligger i samarbete, diskussion och delad utforskning, och erbjuder verktyg som underl\u00e4ttar dessa k\u00e4rninteraktioner med o\u00f6vertr\u00e4ffad l\u00e4tthet. <br>\n                        <br>I hj\u00e4rtat av Genv\u00e4gen \u00e4r dess f\u00f6rm\u00e5ga att skapa virtuella klassrum direkt. Den h\u00e4r funktionen \u00e4r s\u00e4rskilt ov\u00e4rderlig f\u00f6r studiecirklar som kr\u00e4ver en snabb och effektiv installation, vilket s\u00e4kerst\u00e4ller att cirkelledare kan fokusera p\u00e5 inneh\u00e5ll och engagemang snarare \u00e4n tekniska detaljer. H\u00f6guppl\u00f6sta video- och ljudfunktioner s\u00e4kerst\u00e4ller att varje ord, varje uttryck, f\u00e5ngas med klarhet, vilket replikerar intimiteten i interaktioner ansikte mot ansikte. <br>\n                        <br>Genv\u00e4gens interaktiva skrivtavla \u00e4r en gamechanger f\u00f6r cirkelledare, som l\u00e5ter dem illustrera koncept, rita diagram och engagera deltagarna p\u00e5 ett dynamiskt och visuellt s\u00e4tt. Denna funktion, i kombination med plattformens sk\u00e4rmdelningsm\u00f6jligheter, s\u00e4kerst\u00e4ller att presentationer, demonstrationer och diskussioner \u00e4r b\u00e5de interaktiva och uppslukande. <br>\n                        <br>En av Genv\u00e4gens utm\u00e4rkande egenskaper \u00e4r dess grupprum. Inser att studiecirklar ofta drar nytta av mindre gruppdiskussioner, till\u00e5ter dessa grupprum deltagarna att gr\u00e4va djupare in i specifika \u00e4mnen och fr\u00e4mja fokuserade och intima diskussioner. Plattformens emoji-reaktioner ger en touch av personlig koppling, vilket g\u00f6r att deltagarna kan uttrycka samtycke, nyfikenhet, uppskattning och mer, vilket g\u00f6r att digitala interaktioner k\u00e4nns mer m\u00e4nskliga och sammankopplade. <br>\n                        <br>I en v\u00e4rld d\u00e4r digitala plattformar ofta k\u00e4nns opersonliga och komplexa bryter Genv\u00e4gen formen genom att erbjuda enkelhet utan att kompromissa med funktionalitet. Den f\u00f6rst\u00e5r rytmen och fl\u00f6det av studiecirklar och tillhandah\u00e5ller verktyg som f\u00f6rb\u00e4ttrar, snarare \u00e4n hindrar, den samarbetande l\u00e4randeupplevelsen. <br>\n                        <br>I grund och botten \u00e4r Genv\u00e4gen mer \u00e4n bara en digital plattform; det \u00e4r en digital handledare f\u00f6r studiecirklar, som s\u00e4kerst\u00e4ller att varje session \u00e4r effektiv, engagerande och berikande. Det \u00e4r d\u00e4r teknik m\u00f6ter hj\u00e4rtat av kollaborativt l\u00e4rande, och erbjuder en digital upplevelse som k\u00e4nns lika naturlig och meningsfull som traditionella studiecirklar.\n                      <\/p>\n                    <\/div>\n                  <\/div>\n                <\/div>\n              <\/div>\n            <\/div>\n          <\/div>\n        <\/div>\n      <\/div>\n    <\/section>\n    \n    \n    \n    \n  \n","protected":false},"excerpt":{"rendered":"<p>GenV\u00e4gen Nyckelfunktioner och f\u00f6rdelar Virtuella klassrum direkt: &#8211; Funktion: Snabb och effektiv installation f\u00f6r onlinesessioner. &#8211; F\u00f6rdel: G\u00f6r det m\u00f6jligt &hellip; <a href=\"https:\/\/nbvnorr.se\/v5.1\/mer-om-genvagen\/\" class=\"more-link\">Continue reading<span class=\"screen-reader-text\"> &#8221;Mer om GenV\u00e4gen&#8221;<\/span><\/a><\/p>\n","protected":false},"author":1,"featured_media":0,"parent":0,"menu_order":1,"comment_status":"closed","ping_status":"closed","template":"","meta":{"footnotes":""},"class_list":["post-21","page","type-page","status-publish","hentry"],"_links":{"self":[{"href":"https:\/\/nbvnorr.se\/v5.1\/wp-json\/wp\/v2\/pages\/21","targetHints":{"allow":["GET"]}}],"collection":[{"href":"https:\/\/nbvnorr.se\/v5.1\/wp-json\/wp\/v2\/pages"}],"about":[{"href":"https:\/\/nbvnorr.se\/v5.1\/wp-json\/wp\/v2\/types\/page"}],"author":[{"embeddable":true,"href":"https:\/\/nbvnorr.se\/v5.1\/wp-json\/wp\/v2\/users\/1"}],"replies":[{"embeddable":true,"href":"https:\/\/nbvnorr.se\/v5.1\/wp-json\/wp\/v2\/comments?post=21"}],"version-history":[{"count":1,"href":"https:\/\/nbvnorr.se\/v5.1\/wp-json\/wp\/v2\/pages\/21\/revisions"}],"predecessor-version":[{"id":25,"href":"https:\/\/nbvnorr.se\/v5.1\/wp-json\/wp\/v2\/pages\/21\/revisions\/25"}],"wp:attachment":[{"href":"https:\/\/nbvnorr.se\/v5.1\/wp-json\/wp\/v2\/media?parent=21"}],"curies":[{"name":"wp","href":"https:\/\/api.w.org\/{rel}","templated":true}]}}