{"id":60,"date":"2023-09-26T09:52:04","date_gmt":"2023-09-26T08:52:04","guid":{"rendered":"https:\/\/nbvnorr.se\/v5.1\/?page_id=60"},"modified":"2023-10-19T16:51:04","modified_gmt":"2023-10-19T15:51:04","slug":"anmalningsformular","status":"publish","type":"page","link":"https:\/\/nbvnorr.se\/v5.1\/anmalningsformular\/","title":{"rendered":"Anm\u00e4lningsformul\u00e4r"},"content":{"rendered":"\n  \n    \n    <section class=\"u-clearfix u-video u-video-contain u-section-2\" id=\"sec-1405\">\n      <div class=\"u-background-video u-expanded u-video-contain\" style=\"\">\n        <div class=\"embed-responsive embed-responsive-1\">\n          <iframe style=\"position: absolute;top: 0;left: 0;width: 100%;height: 100%;\" class=\"embed-responsive-item\" src=\"https:\/\/www.youtube.com\/embed\/pVSfW7ImuhM?playlist=pVSfW7ImuhM&amp;loop=1&amp;mute=1&amp;showinfo=0&amp;controls=0&amp;start=0&amp;autoplay=1\" data-autoplay=\"1\" frameborder=\"0\" allowfullscreen=\"\"><\/iframe>\n        <\/div>\n        <div class=\"u-video-shading\"><\/div>\n      <\/div>\n      <div class=\"u-clearfix u-sheet u-sheet-1\"><\/div>\n    <\/section>\n    <section class=\"u-clearfix u-section-3\" id=\"sec-1bc9\">\n      <div class=\"u-clearfix u-sheet u-valign-middle-xl u-sheet-1\">\n        <div class=\"data-layout-selected u-clearfix u-expanded-width u-layout-wrap u-layout-wrap-1\">\n          <div class=\"u-gutter-0 u-layout\">\n            <div class=\"u-layout-col\">\n              <div class=\"u-size-30\">\n                <div class=\"u-layout-row\">\n                  <div class=\"u-container-style u-layout-cell u-shape-rectangle u-size-30 u-layout-cell-1\">\n                    <div class=\"u-container-layout u-container-layout-1\">\n                      <h3 class=\"u-align-center-sm u-align-center-xs u-align-left-lg u-align-left-md u-align-left-xl u-text u-text-default-lg u-text-default-md u-text-default-xl u-text-1\"> Registreringsformul\u00e4r<\/h3>\n                    <\/div>\n                  <\/div>\n                  <div class=\"u-container-style u-layout-cell u-size-30 u-layout-cell-2\">\n                    <div class=\"u-container-layout u-valign-top-lg u-valign-top-md u-valign-top-sm u-valign-top-xs u-container-layout-2\">\n                      <p class=\"u-align-justify u-large-text u-text u-text-variant u-text-2\"> Anm\u00e4l dig eller din grupp f\u00f6r att delta i 'Workshop: Hur  man uppt\u00e4cker en missbrukare'. Vi kommer att kontakta dig inom kort f\u00f6r att hj\u00e4lpa dig skapa din egen studiecirkel. Vad sp\u00e4nnande!<\/p>\n                    <\/div>\n                  <\/div>\n                <\/div>\n              <\/div>\n              <div class=\"u-size-30\">\n                <div class=\"u-layout-row\">\n                  <div class=\"u-container-style u-layout-cell u-shape-rectangle u-size-30 u-layout-cell-3\">\n                    <div class=\"u-container-layout u-container-layout-3\">\n                      <div class=\"u-align-center u-border-2 u-border-palette-4-base u-expanded-width u-form u-form-1\">\n                        <form action=\"https:\/\/forms.nicepagesrv.com\/v2\/form\/process\" class=\"u-clearfix u-form-spacing-10 u-form-vertical u-inner-form\" source=\"email\" name=\"form\" style=\"padding: 22px;\">\n                          <div class=\"u-form-group u-form-name u-label-top\">\n                            <label for=\"name-2ec1\" class=\"u-label\">Namn<\/label>\n                            <input type=\"text\" placeholder=\"Ange ditt fullst\u00e4ndiga namn\" id=\"name-2ec1\" name=\"name\" class=\"u-input u-input-rectangle\" required=\"\">\n                          <\/div>\n                          <div class=\"u-form-date u-form-group u-label-top u-form-group-2\">\n                            <label for=\"date-c040\" class=\"u-label\">F\u00f6delsedatum<\/label>\n                            <input type=\"text\" readonly=\"readonly\" placeholder=\"MM\/DD\/YYYY\" id=\"date-c040\" name=\"date\" class=\"u-input u-input-rectangle\" required=\"\" data-date-format=\"mm\/dd\/yyyy\">\n                          <\/div>\n                          <div class=\"u-form-group u-label-top u-form-group-3\">\n                            <label for=\"text-998a\" class=\"u-label\">Personnummer<\/label>\n                            <input type=\"text\" placeholder=\"Ange de fyra sista siffrorna i ditt personnummer\" id=\"text-998a\" name=\"text\" class=\"u-input u-input-rectangle\" required=\"required\" maxlength=\"13\">\n                          <\/div>\n                          <div class=\"u-form-group u-form-phone u-label-top u-form-group-4\">\n                            <label for=\"phone-fb3c\" class=\"u-label\">Mobil<\/label>\n                            <input type=\"tel\" pattern=\"\\+?\\d{0,3}[\\s\\(\\-]?([0-9]{2,3})[\\s\\)\\-]?([\\s\\-]?)([0-9]{3})[\\s\\-]?([0-9]{2})[\\s\\-]?([0-9]{2})\" placeholder=\"Ange ditt telefonnummer (t.ex. 0725555267)\" id=\"phone-fb3c\" name=\"phone\" class=\"u-input u-input-rectangle\" required=\"\">\n                          <\/div>\n                          <div class=\"u-form-email u-form-group u-label-top\">\n                            <label for=\"email-2ec1\" class=\"u-label\">Email<\/label>\n                            <input type=\"email\" placeholder=\"Ange en giltig e-postadress\" id=\"email-2ec1\" name=\"email\" class=\"u-input u-input-rectangle\" required=\"\">\n                          <\/div>\n                          <div class=\"u-form-group u-form-select u-label-top u-form-group-6\">\n                            <label for=\"select-d93a\" class=\"u-label\">Kurs\/Cirkel<\/label>\n                            <div class=\"u-form-select-wrapper\">\n                              <select id=\"select-d93a\" name=\"select\" class=\"u-input u-input-rectangle\" required=\"required\">\n                                <option value=\"V\u00e4lj..\" data-calc=\"\">V\u00e4lj..<\/option>\n                                <option value=\"Workshop: Hur man uppt\u00e4cker en missbrukare\" data-calc=\"\">Workshop: Hur man uppt\u00e4cker en missbrukare<\/option>\n                              <\/select>\n                              <svg class=\"u-caret u-caret-svg\" version=\"1.1\" id=\"Layer_1\" xmlns=\"http:\/\/www.w3.org\/2000\/svg\" xmlns:xlink=\"http:\/\/www.w3.org\/1999\/xlink\" x=\"0px\" y=\"0px\" width=\"16px\" height=\"16px\" viewBox=\"0 0 16 16\" style=\"fill:currentColor;\" xml:space=\"preserve\"><polygon class=\"st0\" points=\"8,12 2,4 14,4 \"><\/polygon><\/svg>\n                            <\/div>\n                          <\/div>\n                          <div class=\"u-form-group u-label-top u-form-group-7\">\n                            <label for=\"name-7fbd\" class=\"u-label\">Adress<\/label>\n                            <input type=\"text\" id=\"name-7fbd\" name=\"street\" class=\"u-input u-input-rectangle\" required=\"required\">\n                          <\/div>\n                          <div class=\"u-form-group u-form-partition-factor-2 u-label-top u-form-group-8\">\n                            <label for=\"name-7fbd\" class=\"u-label\">Stad<\/label>\n                            <input type=\"text\" placeholder=\"Stad\" id=\"name-7fbd\" name=\"city\" class=\"u-input u-input-rectangle\" required=\"required\">\n                          <\/div>\n                          <div class=\"u-form-group u-form-partition-factor-2 u-label-top u-form-group-9\">\n                            <label for=\"name-7fbd\" class=\"u-label\">Postnummer<\/label>\n                            <input type=\"text\" placeholder=\"Ange ditt postnummer\" id=\"name-7fbd\" name=\"city\" class=\"u-input u-input-rectangle\" required=\"required\">\n                          <\/div>\n                          <div class=\"u-form-group u-form-radiobutton u-label-top u-form-group-10\">\n                            <label class=\"u-label\">Har ni en f\u00e4rdig grupp<\/label>\n                            <div class=\"u-form-radio-button-wrapper\">\n                              <div class=\"u-input-row\">\n                                <input id=\"field-17bb\" type=\"radio\" name=\"radiobutton\" value=\"Ja\" class=\"u-field-input\" checked=\"checked\" required=\"required\" data-calc=\"Ja\">\n                                <label class=\"u-field-label\" for=\"field-17bb\">Ja<\/label>\n                              <\/div>\n                              <div class=\"u-input-row\">\n                                <input id=\"field-becb\" type=\"radio\" name=\"radiobutton\" value=\"Nej\" class=\"u-field-input\" required=\"required\" data-calc=\"Nej\">\n                                <label class=\"u-field-label\" for=\"field-becb\">Nej<\/label>\n                              <\/div>\n                            <\/div>\n                          <\/div>\n                          <div class=\"u-form-file-upload u-form-group u-label-top u-form-group-11\" data-dependency=\"[{&quot;action&quot;:&quot;show&quot;,&quot;field&quot;:&quot;radiobutton&quot;,&quot;condition&quot;:&quot;equal&quot;,&quot;value&quot;:&quot;Ja&quot;}]\">\n                            <label for=\"file-upload-e7f0\" class=\"u-label\">Ladda upp en fil med namnen och kontaktuppgifterna f\u00f6r varje medlem i gruppen.<\/label>\n                            <div class=\"u-file-input-wrapper\">\n                              <a class=\"u-active-none u-border-2 u-border-active-palette-2-dark-1 u-border-hover-palette-2-base u-border-no-left u-border-no-right u-border-no-top u-border-palette-1-base u-btn u-button-style u-hover-none u-none u-text-hover-palette-2-base u-text-palette-1-base u-upload-button u-btn-1\">Ladda upp<\/a>\n                              <div class=\"u-file-list\">\n                                <div class=\"u-file-item u-file-template\">\n                                  <span class=\"u-file-name u-text\">FileExample.pdf<\/span><span class=\"u-file-remove u-icon u-text-grey-30 u-icon-1\"><svg class=\"u-svg-link\" preserveAspectRatio=\"xMidYMin slice\" viewBox=\"0 0 51.976 51.976\" style=\"\"><use xlink:href=\"#svg-964b\"><\/use><\/svg><svg class=\"u-svg-content\" viewBox=\"0 0 51.976 51.976\" x=\"0px\" y=\"0px\" id=\"svg-964b\" style=\"enable-background:new 0 0 51.976 51.976;\"><g><path d=\"M44.373,7.603c-10.137-10.137-26.632-10.138-36.77,0c-10.138,10.138-10.137,26.632,0,36.77s26.632,10.138,36.77,0\n\t\tC54.51,34.235,54.51,17.74,44.373,7.603z M36.241,36.241c-0.781,0.781-2.047,0.781-2.828,0l-7.425-7.425l-7.778,7.778\n\t\tc-0.781,0.781-2.047,0.781-2.828,0c-0.781-0.781-0.781-2.047,0-2.828l7.778-7.778l-7.425-7.425c-0.781-0.781-0.781-2.048,0-2.828\n\t\tc0.781-0.781,2.047-0.781,2.828,0l7.425,7.425l7.071-7.071c0.781-0.781,2.047-0.781,2.828,0c0.781,0.781,0.781,2.047,0,2.828\n\t\tl-7.071,7.071l7.425,7.425C37.022,34.194,37.022,35.46,36.241,36.241z\"><\/path>\n<\/g><\/svg><\/span>\n                                <\/div>\n                              <\/div>\n                              <p class=\"u-file-max u-text u-text-grey-30 u-text-4\">Max filstorlek: 10 MB<\/p>\n                              <span class=\"u-file-group\">\n                                <input type=\"file\" id=\"file-upload-e7f0\" name=\"file[]\" class=\"u-input u-input-rectangle u-text-black\" required=\"\" multiple=\"multiple\" accept=\"DOCUMENTS\">\n                              <\/span>\n                            <\/div>\n                          <\/div>\n                          <div class=\"u-form-agree u-form-group u-label-top u-form-group-12\">\n                            <label class=\"u-field-label\" style=\"\"><\/label>\n                            <input type=\"checkbox\" id=\"agree-6f9d\" name=\"becontacted\" class=\"u-agree-checkbox u-field-input\" required=\"\">\n                            <label for=\"agree-6f9d\" class=\"u-agree-label u-field-label\">Jag vill bli kontaktad s\u00e5 snart kursen \u00e4r \u00f6ppen.<\/label>\n                          <\/div>\n                          <div class=\"u-form-agree u-form-group u-label-top u-form-group-13\">\n                            <label class=\"u-field-label\" style=\"\"><\/label>\n                            <input type=\"checkbox\" id=\"agree-30c1\" name=\"newcourses\" class=\"u-agree-checkbox u-field-input\" required=\"\">\n                            <label for=\"agree-30c1\" class=\"u-agree-label u-field-label\">Jag skulle vilja bli kontaktad om nya kurser.<\/label>\n                          <\/div>\n                          <div class=\"u-align-center u-form-group u-form-submit u-label-top\">\n                            <input type=\"submit\" value=\"submit\" class=\"u-form-control-hidden\">\n                            <a href=\"#\" class=\"u-btn u-btn-submit u-button-style u-btn-2\">Skicka<\/a>\n                          <\/div>\n                          <div class=\"u-form-send-message u-form-send-success\">Tack! Din ans\u00f6kan har skickats.<\/div>\n                          <div class=\"u-form-send-error u-form-send-message\">Det gick inte att skicka din ans\u00f6kan. V\u00e4nligen \u00e5tg\u00e4rda felen och f\u00f6rs\u00f6k sedan igen.<\/div>\n                          <input type=\"hidden\" value=\"\" name=\"recaptchaResponse\">\n                          <input type=\"hidden\" name=\"formServices\" value=\"56a889d7-1550-4c70-b3f8-2f3bc4cce426\">\n                          <input type=\"hidden\" name=\"siteKey\" value=\"6Le6EhEaAAAAAI1kGEnMW7RJXaa3ScQtH1OsAxrn\">\n                        <\/form>\n                      <\/div>\n                    <\/div>\n                  <\/div>\n                  <div class=\"u-container-style u-layout-cell u-size-30 u-layout-cell-4\">\n                    <div class=\"u-container-layout u-valign-bottom-lg u-container-layout-4\">\n                      <p class=\"u-text u-text-default-lg u-text-default-md u-text-default-sm u-text-default-xs u-text-5\"> Workshopen \u201cHur man uppt\u00e4cker en missbrukare\u201d f\u00f6rdjupar sig i \nmissbrukets komplexa v\u00e4rld och ger deltagarna verktyg och kunskap f\u00f6r \natt identifiera tecken p\u00e5 missbruk hos individer. Genom en kombination \nav vetenskaplig forskning, verkliga vittnesm\u00e5l och praktiska aktiviteter\n kommer deltagarna att f\u00e5 en helhetsf\u00f6rst\u00e5else f\u00f6r de olika \nmanifestationerna av missbruk, b\u00e5de uppenbara och subtila.<br>\n                        <br>Efter att ha slutf\u00f6rt workshopen kommer deltagarna att kunna:<br>\n                      <\/p>\n                      <ul class=\"u-custom-list u-text u-text-default-lg u-text-default-md u-text-default-sm u-text-default-xs u-text-6\">\n                        <li>\n                          <div class=\"u-list-icon\">\n                            <div style=\"font-size: 1.2em; margin: -1.2em;\">&#x2611;<\/div>\n                          <\/div> Klart definiera missbruk och k\u00e4nna igen dess omfattande p\u00e5verkan p\u00e5 samh\u00e4llet.<br>\n                        <\/li>\n                        <li>\n                          <div class=\"u-list-icon\">\n                            <div style=\"font-size: 1.2em; margin: -1.2em;\">&#x2611;<\/div>\n                          <\/div> Skilja mellan olika former av missbruk, fr\u00e5n substansmissbruk till beteendem\u00f6nster.\n                        <\/li>\n                        <li>\n                          <div class=\"u-list-icon\">\n                            <div style=\"font-size: 1.2em; margin: -1.2em;\">&#x2611;<\/div>\n                          <\/div>Identifiera de fysiska, emotionella och psykologiska indikatorerna f\u00f6r missbruk.\n                        <\/li>\n                        <li>\n                          <div class=\"u-list-icon\">\n                            <div style=\"font-size: 1.2em; margin: -1.2em;\">&#x2611;<\/div>\n                          <\/div>F\u00f6rst\u00e5 den underliggande vetenskapen om missbruk, med fokus p\u00e5 dess effekter p\u00e5 hj\u00e4rnan och beteendet.\n                        <\/li>\n                        <li>\n                          <div class=\"u-list-icon\">\n                            <div style=\"font-size: 1.2em; margin: -1.2em;\">&#x2611;<\/div>\n                          <\/div>K\u00e4nna igen vanliga taktiker och f\u00f6rsvar som missbrukare anv\u00e4nder.\n                        <\/li>\n                        <li>\n                          <div class=\"u-list-icon\">\n                            <div style=\"font-size: 1.2em; margin: -1.2em;\">&#x2611;<\/div>\n                          <\/div>Delta i konstruktiva samtal med individer som visar tecken p\u00e5 missbruk.\n                        <\/li>\n                        <li>\n                          <div class=\"u-list-icon\">\n                            <div style=\"font-size: 1.2em; margin: -1.2em;\">&#x2611;<\/div>\n                          <\/div>Styra individer mot acceptans och \u00e5terh\u00e4mtning och introducera dem till potentiella behandlingsv\u00e4gar.\n                        <\/li>\n                        <li>\n                          <div class=\"u-list-icon\">\n                            <div style=\"font-size: 1.2em; margin: -1.2em;\">&#x2611;<\/div>\n                          <\/div>Erbjuda ih\u00e5llande st\u00f6d, f\u00f6rst\u00e5 potentiella \u00e5terfallsutl\u00f6sare och f\u00f6respr\u00e5ka f\u00f6r varaktig nykterhet.\n                        <\/li>\n                      <\/ul>\n                      <p class=\"u-hidden-md u-text u-text-default u-text-7\"> Workshopen \u201cHur man uppt\u00e4ker en missbrukare\u201d \u00e4r mer \u00e4n bara en \nutbildningssession; det \u00e4r en uppmaning till handling. Den ger \ndeltagarna m\u00f6jlighet att vara vaksamma, medk\u00e4nnande och proaktiva i sitt\n f\u00f6rh\u00e5llningss\u00e4tt till missbruk, och fr\u00e4mjar en gemenskap av f\u00f6rst\u00e5else \noch st\u00f6d. G\u00e5 med oss i detta viktiga arbete f\u00f6r att k\u00e4nna igen, f\u00f6rst\u00e5 \noch hj\u00e4lpa dem som beh\u00f6ver det.<\/p>\n                    <\/div>\n                  <\/div>\n                <\/div>\n              <\/div>\n            <\/div>\n          <\/div>\n        <\/div>\n      <\/div>\n    <\/section>\n    \n    \n    \n  \n","protected":false},"excerpt":{"rendered":"<p>Registreringsformul\u00e4r Anm\u00e4l dig eller din grupp f\u00f6r att delta i &#8217;Workshop: Hur man uppt\u00e4cker en missbrukare&#8217;. Vi kommer att kontakta &hellip; <a href=\"https:\/\/nbvnorr.se\/v5.1\/anmalningsformular\/\" class=\"more-link\">Continue reading<span class=\"screen-reader-text\"> &#8221;Anm\u00e4lningsformul\u00e4r&#8221;<\/span><\/a><\/p>\n","protected":false},"author":1,"featured_media":0,"parent":0,"menu_order":0,"comment_status":"closed","ping_status":"closed","template":"","meta":{"footnotes":""},"class_list":["post-60","page","type-page","status-publish","hentry"],"_links":{"self":[{"href":"https:\/\/nbvnorr.se\/v5.1\/wp-json\/wp\/v2\/pages\/60","targetHints":{"allow":["GET"]}}],"collection":[{"href":"https:\/\/nbvnorr.se\/v5.1\/wp-json\/wp\/v2\/pages"}],"about":[{"href":"https:\/\/nbvnorr.se\/v5.1\/wp-json\/wp\/v2\/types\/page"}],"author":[{"embeddable":true,"href":"https:\/\/nbvnorr.se\/v5.1\/wp-json\/wp\/v2\/users\/1"}],"replies":[{"embeddable":true,"href":"https:\/\/nbvnorr.se\/v5.1\/wp-json\/wp\/v2\/comments?post=60"}],"version-history":[{"count":7,"href":"https:\/\/nbvnorr.se\/v5.1\/wp-json\/wp\/v2\/pages\/60\/revisions"}],"predecessor-version":[{"id":572,"href":"https:\/\/nbvnorr.se\/v5.1\/wp-json\/wp\/v2\/pages\/60\/revisions\/572"}],"wp:attachment":[{"href":"https:\/\/nbvnorr.se\/v5.1\/wp-json\/wp\/v2\/media?parent=60"}],"curies":[{"name":"wp","href":"https:\/\/api.w.org\/{rel}","templated":true}]}}